{"id":1136,"date":"2024-10-20T21:54:28","date_gmt":"2024-10-20T21:54:28","guid":{"rendered":"http:\/\/www.isabelalvarezsancho.com\/?page_id=1136"},"modified":"2026-04-22T07:44:43","modified_gmt":"2026-04-22T07:44:43","slug":"about-me","status":"publish","type":"page","link":"https:\/\/www.isabelalvarezsancho.com\/","title":{"rendered":"About"},"content":{"rendered":"\n<p>I am a scholar of contemporary Spain and a Professor of Hispanic Studies at Oklahoma State University. My research studies how people make sense of time and identity through literature, music and film after events that alter collective worldviews. I work across disciplines, combining literature with political and cultural theory, and I pay particular attention to minoritized languages like Asturian.<br><\/p>\n\n\n\n<p>I have examined narratives written in exile following the Spanish Civil War, and cultural production\u2014especially fantasy and sci-fi cinema\u2014in the wake of the 2008 financial crisis. My current work explores cultural activism and how traditions are being reimagined in present-day Asturias. My research has appeared in journals such as<em>&nbsp;<a href=\"https:\/\/www.liverpooluniversitypress.co.uk\/doi\/10.3828\/bhs.2015.04\">Bulletin of Hispanic Studies<\/a>,&nbsp;<a href=\"https:\/\/muse.jhu.edu\/pub\/1\/article\/622255\">MLN<\/a>,&nbsp;<a href=\"https:\/\/liverpooluniversitypress.co.uk\/doi\/10.3828\/CATR.31.4\">Catalan Review<\/a>,&nbsp;<a href=\"https:\/\/reunido.uniovi.es\/index.php\/Lletres\/article\/view\/18776\">Lletres Asturianes<\/a>, and&nbsp;<a href=\"https:\/\/www.degruyter.com\/database\/LME\/entry\/lme.24006850\/html\">Linguistic Minorities in Europe Online<\/a>.&nbsp;<\/em>I am the co-editor of the book <a href=\"https:\/\/tienda.trabe.org\/as\/investigacion-y-ensayu\/2632-estudios-asturianos-en-el-siglo-xxi.html\">Asturian Studies in the 21st century<\/a>, and have two forthcoming edited collections on Asturian women writers and migration. My work has been supported by grants from the Spanish Ministry of Education (Hispanex) and by Oklahoma State University, among others.<\/p>\n\n\n<div class=\"wp-block-image\">\n<figure class=\"aligncenter size-large is-resized\"><a href=\"https:\/\/www.isabelalvarezsancho.com\/wp-content\/uploads\/2026\/01\/0B548016-567B-4411-BD52-6A95C455A670_1_105_c.jpeg\"><img loading=\"lazy\" decoding=\"async\" width=\"1024\" height=\"683\" src=\"https:\/\/www.isabelalvarezsancho.com\/wp-content\/uploads\/2026\/01\/0B548016-567B-4411-BD52-6A95C455A670_1_105_c-1024x683.jpeg\" alt=\"\" class=\"wp-image-1599\" style=\"aspect-ratio:1.4992748770286761;width:335px;height:auto\" srcset=\"https:\/\/www.isabelalvarezsancho.com\/wp-content\/uploads\/2026\/01\/0B548016-567B-4411-BD52-6A95C455A670_1_105_c-1024x683.jpeg 1024w, https:\/\/www.isabelalvarezsancho.com\/wp-content\/uploads\/2026\/01\/0B548016-567B-4411-BD52-6A95C455A670_1_105_c-300x200.jpeg 300w, https:\/\/www.isabelalvarezsancho.com\/wp-content\/uploads\/2026\/01\/0B548016-567B-4411-BD52-6A95C455A670_1_105_c-768x512.jpeg 768w, https:\/\/www.isabelalvarezsancho.com\/wp-content\/uploads\/2026\/01\/0B548016-567B-4411-BD52-6A95C455A670_1_105_c.jpeg 1086w\" sizes=\"auto, (max-width: 1024px) 100vw, 1024px\" \/><\/a><\/figure>\n<\/div>\n\n\n<p>I serve as President of\u00a0<em><a href=\"https:\/\/asturianstudies.com\/\">Asturian Studies \/ SAnTINA<\/a><\/em>, an international research network that promotes scholarship on Asturias. I organized the network\u2019s second international conference at OSU in 2023. I am part of the Modern Language Association liaison group within\u00a0<a href=\"https:\/\/alcesxxi.org\/\">ALCESXXI<\/a> (Asociaci\u00f3n de Literatura y Cine Espa\u00f1ol Siglo XXI), and co-edit the Asturiana Studies book series at De Gruyter. I serve on the scientific committees of ARLAS (Archivu de la Represi\u00f3n Lling\u00fc\u00edstica del Asturianu) and the <em>Textos UEx<\/em> collection at the Universidad de Extremadura. As co-founder and coordinator of\u00a0<a href=\"https:\/\/vocesyversostulsa.wordpress.com\/\">Voces y versos-Tulsa<\/a>, I promote Spanish-language poetry and music performances in the local community.<br><\/p>\n\n\n\n<p>Before arriving at OSU, I taught at Central Michigan University and at the Univerzitet D\u017eemal Bijedic\u00b4 in Mostar, Bosnia and Herzegovina. I earned my PhD in Hispanic Cultural Studies from Michigan State University, and my BA and MA in Hispanic Philology from the Universid\u00e1 d\u2019Uvi\u00e9u in Spain.<br><\/p>\n\n\n\n<p>In addition to my academic work, I translate and write creatively in Spanish, English and Asturian. I belong to the creative writing collective Alisa Lubeldo, whose literary debut is forthcoming. I bring this multilingual and multicultural approach to my teaching, where I aim to engage students with the richness and complexity of Iberian languages and cultures.<\/p>\n","protected":false},"excerpt":{"rendered":"<p>I am a scholar of contemporary Spain and a Professor of Hispanic Studies at Oklahoma State University. My research studies how people make sense of time and identity through literature, music and film after events that alter collective worldviews. I work across disciplines, combining literature with political and cultural theory, and I pay particular attention [&hellip;]<\/p>\n","protected":false},"author":1,"featured_media":0,"parent":0,"menu_order":0,"comment_status":"closed","ping_status":"closed","template":"","meta":{"hide_page_title":"","footnotes":""},"class_list":["post-1136","page","type-page","status-publish","hentry"],"_links":{"self":[{"href":"https:\/\/www.isabelalvarezsancho.com\/index.php\/wp-json\/wp\/v2\/pages\/1136","targetHints":{"allow":["GET"]}}],"collection":[{"href":"https:\/\/www.isabelalvarezsancho.com\/index.php\/wp-json\/wp\/v2\/pages"}],"about":[{"href":"https:\/\/www.isabelalvarezsancho.com\/index.php\/wp-json\/wp\/v2\/types\/page"}],"author":[{"embeddable":true,"href":"https:\/\/www.isabelalvarezsancho.com\/index.php\/wp-json\/wp\/v2\/users\/1"}],"replies":[{"embeddable":true,"href":"https:\/\/www.isabelalvarezsancho.com\/index.php\/wp-json\/wp\/v2\/comments?post=1136"}],"version-history":[{"count":82,"href":"https:\/\/www.isabelalvarezsancho.com\/index.php\/wp-json\/wp\/v2\/pages\/1136\/revisions"}],"predecessor-version":[{"id":1636,"href":"https:\/\/www.isabelalvarezsancho.com\/index.php\/wp-json\/wp\/v2\/pages\/1136\/revisions\/1636"}],"wp:attachment":[{"href":"https:\/\/www.isabelalvarezsancho.com\/index.php\/wp-json\/wp\/v2\/media?parent=1136"}],"curies":[{"name":"wp","href":"https:\/\/api.w.org\/{rel}","templated":true}]}}