{"id":1005,"date":"2023-05-16T16:28:33","date_gmt":"2023-05-16T16:28:33","guid":{"rendered":"http:\/\/www.isabelalvarezsancho.com\/?page_id=1005"},"modified":"2025-12-18T16:11:56","modified_gmt":"2025-12-18T16:11:56","slug":"press","status":"publish","type":"page","link":"https:\/\/www.isabelalvarezsancho.com\/index.php\/press\/","title":{"rendered":"Press"},"content":{"rendered":"\n<h4 class=\"wp-block-heading\">MEDIA MENTIONS<\/h4>\n\n\n\n<h6 class=\"wp-block-heading\">\u201cLa Asturias exterior luce en Colombres y reflexiona sobre la regi\u00f3n: \u2018Tenemos un potencial enorme\u2019\u201d [Asturias Abroad Community Shines in Colombres and Reflects on the Region: \u2018We Have an Enourmous Potential\u2019\u201d] <em><a href=\"https:\/\/www.lne.es\/asturias-exterior\/2025\/08\/22\/asturias-exterior-luce-colombres-reflexiona-120831146.html\"><strong>La Nueva Espa\u00f1a<\/strong><\/a><\/em>, 22 August 2025<\/h6>\n\n\n\n<p><\/p>\n\n\n\n<h6 class=\"wp-block-heading\">Televised Book Presentation: <em>Estudios asturianos en el siglo XXI<\/em>. Episodio 31, Temporada 19. <em>Pieces<\/em>. Televisi\u00f3n del Principado de Asturias, <a href=\"https:\/\/www.rtpa.es\/video:Pieces.--T.19-Cap.-31_551754004678.html\"><strong>RTPA,<\/strong><\/a> 1 August 2025<\/h6>\n\n\n\n<p><\/p>\n\n\n\n<h6 class=\"wp-block-heading\">Palicio, Marcos. \u201cLos ecos de la edad de oro de la m\u00fasica tradicional asturiana llegan hasta Massachussetts\u201d [Echoes of the Golden Age of Traditional Asturian Music Reach Massachussetts],\u00a0<em><a href=\"https:\/\/www.lne.es\/asturias-exterior\/2025\/02\/26\/ecos-edad-oro-musica-tradicional-114688132.html\"><strong>La Nueva Espa\u00f1a<\/strong><\/a><\/em>, 26 February 2025<\/h6>\n\n\n\n<p><\/p>\n\n\n\n<h6 class=\"wp-block-heading\">Rubiera, Ana. \u201c\u2018La nueche en danza\u2019, la tesis que sac\u00f3 a bailar a la Universidad para hacer una revisi\u00f3n acad\u00e9mica de la tradici\u00f3n.\u201d\u00a0[\u2018Night in Dance\u2019, The Dissertation that Took the University Out to Dance by Doing an Academic Revision of Tradition],\u00a0<em><a href=\"https:\/\/www.lne.es\/gijon\/2025\/01\/16\/nueche-danza-tesis-saco-bailar-113426107.html\"><strong>La Nueva Espa\u00f1a<\/strong><\/a><\/em>, 16 January 2025<a href=\"https:\/\/www.lne.es\/gijon\/2025\/01\/16\/nueche-danza-tesis-saco-bailar-113426107.html\"> <\/a><\/h6>\n\n\n\n<p><\/p>\n\n\n\n<h6 class=\"wp-block-heading\">Antu\u00f1a, Marif\u00e9. \u201cEstando fuera se a\u00f1ora hasta el orbayu.\u201d [Being Abroad One Misses Even the Drizzle] Asturianos en la di\u00e1spora [Asturians in the Diaspora], <em><a href=\"https:\/\/www.elcomercio.es\/asturianos-por-el-mundo\/anora-orbayu-oklahoma-estados-unidos-20240901193709-nt.html\"><strong>El Comercio<\/strong><\/a><\/em>, 1 September 2024<\/h6>\n\n\n\n<p><\/p>\n\n\n\n<h6 class=\"wp-block-heading\">Antu\u00f1a, Marif\u00e9. \u201cLa universidad de EE.UU. mira hacia Asturias\u201d [The US University Is Looking at Asturias] <em><a href=\"https:\/\/www.elcomercio.es\/culturas\/universidad-mira-asturias-20240811215738-nt.html\"><strong>El Comercio<\/strong><\/a><\/em>, 11 August 2024<\/h6>\n\n\n\n<p><\/p>\n\n\n\n<h6 class=\"wp-block-heading\">\u201cSAnTINA: Los falantes d\u2019espa\u00f1ol n\u2019Estaos Xun\u00edos si\u00e9ntense identificaos cola situaci\u00f3n del asturianu\u201d. [SAnTINA: Spanish Speakers in the United States Relate to the Situation of Asturian] <a href=\"https:\/\/asturies.com\/entrevistes\/santina-los-falantes-despanol-nestaos-xunios-sientense-identificaos-cola-situacion-del\"><strong><em>Asturies.com<\/em>,<\/strong><\/a> 24 May 2024<\/h6>\n\n\n\n<p><\/p>\n\n\n\n<h6 class=\"wp-block-heading\">James, Sutton. \u201cSpeaking my Language: Professor Shares Knowledge of Northern Spain\u2019s Asturian Language and Culture.\u201d <em><a href=\"https:\/\/casinfo.okstate.edu\/images\/ePubs\/CONNECT_2023\/14\/index.html\"><strong>Connect<\/strong><\/a><\/em>, College of Arts and Sciences, Oklahoma State University, Nov 2023<\/h6>\n\n\n\n<p><\/p>\n\n\n\n<h6 class=\"wp-block-heading\">Su\u00e1rez Coalla, Paquita. \u201cL\u2019antoxana virtual: Reflexones sobre l\u2019\u00faltimu alcuentro de la Society for the Analysis of Cultural Topics and Linguistic Identities n\u2019Asturies.\u201d <em><a href=\"https:\/\/www.nortes.me\/2023\/05\/28\/lantoxana-virtual\/\"><strong>Nortes<\/strong><\/a>, <\/em>28 May 2023<\/h6>\n\n\n\n<p><\/p>\n\n\n\n<h6 class=\"wp-block-heading\">Mart\u00ednez, Xaime. \u201cAsturian Studies: l\u2019inter\u00e9s pola llingua y la cultura asturianes medra n\u2019Estaos Xun\u00edos.\u201d <em><a href=\"https:\/\/www.nortes.me\/2023\/05\/14\/asturian-studies-linteres-pola-llingua-y-la-cultura-asturianes-medra-nestaos-xunios\/\"><strong>Nortes<\/strong><\/a>,<\/em> 14 May 2023<\/h6>\n\n\n\n<p><\/p>\n\n\n\n<h6 class=\"wp-block-heading\">\u201cMusicasturiana.com participa nun alderique d\u2019industries culturales entam\u00e1u pola University of California Riverside.\u201d <em><a href=\"https:\/\/musicasturiana.com\/musicasturiana-com-participa-nun-alderique-alredor-de-les-industries-culturales-entamau-pola-university-of-california-riverside\/\"><strong>M\u00fasica Asturiana<\/strong><\/a><\/em>, 11 April 2023<\/h6>\n\n\n\n<p><\/p>\n\n\n\n<h6 class=\"wp-block-heading\">Fern\u00e1ndez, Pablo. \u201cLa conferencia SAnTINA 2023 abre\u2019l plazu pa recibir contribuciones d\u2019estudios rellacionaos cola cultura asturiana.\u201d <em><a href=\"https:\/\/musicasturiana.com\/llamamientu-a-contribuciones-pa-la-conferencia-santina-2023\/\"><strong>M\u00fasica Asturiana<\/strong><\/a><\/em>, 21 December 2022<\/h6>\n\n\n\n<p><\/p>\n\n\n\n<h6 class=\"wp-block-heading\">\u201cL\u2019ultimu n\u00famberu de \u2018Lletres Asturianes\u2019 publica un estudiu sobre la m\u00fasica asturiana despu\u00e9s del 2008.\u201d <em><a href=\"https:\/\/musicasturiana.com\/lultimu-numberu-de-lletres-asturianes-publica-un-estudiu-sobre-la-musica-asturiana-depues-del-2008\/\"><strong>M\u00fasica Asturiana<\/strong><\/a><\/em>, 10 November 2022<\/h6>\n\n\n\n<p><\/p>\n\n\n\n<h6 class=\"wp-block-heading\">\u201cEl III Congreso sobre \u2018Destinos del Exilio Republicano\u2019 congrega en la UNED a importantes especialistas.\u201d <em><a href=\"https:\/\/www.cronicasdelaemigracion.com\/articulo\/cantabria\/iii-congreso-destinos-exilio-republicano-congrega-uned-importantes-especialistas\/20190621144644093881.html\"><strong>Cantabria en el mundo<\/strong><\/a><\/em>, 21 June 2019<\/h6>\n\n\n\n<p><\/p>\n\n\n\n<h6 class=\"wp-block-heading\">\u201cMa\u00f1anes abre el III Congreso sobre Destinos del Exilio Republicano.\u201d <em><a href=\"https:\/\/eldiariocantabria.publico.es\/articulo\/memoria\/mananes-abre-iii-congreso-destinos-exilio-republicano\/20190620213029061590.html\"><strong>El diario de Cantabria<\/strong><\/a><\/em>, 20 June 2019<\/h6>\n\n\n\n<p><\/p>\n\n\n\n<div style=\"height:100px\" aria-hidden=\"true\" class=\"wp-block-spacer\"><\/div>\n\n\n<div class=\"wp-block-image\">\n<figure class=\"aligncenter size-large is-resized\"><a href=\"https:\/\/www.isabelalvarezsancho.com\/wp-content\/uploads\/2025\/09\/IMG_3950.jpeg\"><img loading=\"lazy\" decoding=\"async\" width=\"1024\" height=\"768\" src=\"https:\/\/www.isabelalvarezsancho.com\/wp-content\/uploads\/2025\/09\/IMG_3950-1024x768.jpeg\" alt=\"\" class=\"wp-image-1362\" style=\"width:353px;height:auto\" srcset=\"https:\/\/www.isabelalvarezsancho.com\/wp-content\/uploads\/2025\/09\/IMG_3950-1024x768.jpeg 1024w, https:\/\/www.isabelalvarezsancho.com\/wp-content\/uploads\/2025\/09\/IMG_3950-300x225.jpeg 300w, https:\/\/www.isabelalvarezsancho.com\/wp-content\/uploads\/2025\/09\/IMG_3950-768x576.jpeg 768w, https:\/\/www.isabelalvarezsancho.com\/wp-content\/uploads\/2025\/09\/IMG_3950-1536x1152.jpeg 1536w, https:\/\/www.isabelalvarezsancho.com\/wp-content\/uploads\/2025\/09\/IMG_3950.jpeg 2048w\" sizes=\"auto, (max-width: 1024px) 100vw, 1024px\" \/><\/a><\/figure>\n<\/div>","protected":false},"excerpt":{"rendered":"<p>MEDIA MENTIONS \u201cLa Asturias exterior luce en Colombres y reflexiona sobre la regi\u00f3n: \u2018Tenemos un potencial enorme\u2019\u201d [Asturias Abroad Community Shines in Colombres and Reflects on the Region: \u2018We Have an Enourmous Potential\u2019\u201d] La Nueva Espa\u00f1a, 22 August 2025 Televised Book Presentation: Estudios asturianos en el siglo XXI. Episodio 31, Temporada 19. Pieces. Televisi\u00f3n del [&hellip;]<\/p>\n","protected":false},"author":1,"featured_media":0,"parent":0,"menu_order":0,"comment_status":"closed","ping_status":"closed","template":"","meta":{"hide_page_title":"","footnotes":""},"class_list":["post-1005","page","type-page","status-publish","hentry"],"_links":{"self":[{"href":"https:\/\/www.isabelalvarezsancho.com\/index.php\/wp-json\/wp\/v2\/pages\/1005","targetHints":{"allow":["GET"]}}],"collection":[{"href":"https:\/\/www.isabelalvarezsancho.com\/index.php\/wp-json\/wp\/v2\/pages"}],"about":[{"href":"https:\/\/www.isabelalvarezsancho.com\/index.php\/wp-json\/wp\/v2\/types\/page"}],"author":[{"embeddable":true,"href":"https:\/\/www.isabelalvarezsancho.com\/index.php\/wp-json\/wp\/v2\/users\/1"}],"replies":[{"embeddable":true,"href":"https:\/\/www.isabelalvarezsancho.com\/index.php\/wp-json\/wp\/v2\/comments?post=1005"}],"version-history":[{"count":27,"href":"https:\/\/www.isabelalvarezsancho.com\/index.php\/wp-json\/wp\/v2\/pages\/1005\/revisions"}],"predecessor-version":[{"id":1594,"href":"https:\/\/www.isabelalvarezsancho.com\/index.php\/wp-json\/wp\/v2\/pages\/1005\/revisions\/1594"}],"wp:attachment":[{"href":"https:\/\/www.isabelalvarezsancho.com\/index.php\/wp-json\/wp\/v2\/media?parent=1005"}],"curies":[{"name":"wp","href":"https:\/\/api.w.org\/{rel}","templated":true}]}}